{"id":1783,"date":"2019-07-09T14:35:14","date_gmt":"2019-07-09T18:35:14","guid":{"rendered":"https:\/\/guidelecture.uqat.ca\/after-reading\/evaluer-sa-demarche-et-ses-connaissances\/"},"modified":"2022-05-04T15:16:38","modified_gmt":"2022-05-04T19:16:38","slug":"evaluate-reading-process-knowledge","status":"publish","type":"page","link":"https:\/\/guidelecture.uqat.ca\/en\/after-reading\/evaluate-reading-process-knowledge\/","title":{"rendered":"Evaluate your reading process and knowledge"},"content":{"rendered":"<div id=\"pl-1783\"  class=\"panel-layout\" ><div id=\"pg-1783-0\"  class=\"panel-grid panel-has-style\" ><div class=\"boxed panel-row-style panel-row-style-for-1783-0\" ><div id=\"pgc-1783-0-0\"  class=\"panel-grid-cell\" ><div id=\"panel-1783-0-0-0\" class=\"so-panel widget widget_sow-tabs panel-first-child panel-last-child\" data-index=\"0\" ><div class=\"owl-carousel panel-widget-style panel-widget-style-for-1783-0-0-0\" ><div\n\t\t\t\n\t\t\tclass=\"so-widget-sow-tabs so-widget-sow-tabs-default-fdbad00e3c16-1783\"\n\t\t\t\n\t\t><div class=\"sow-tabs\">\n\t<div class=\"sow-tabs-tab-container\" role=\"tablist\">\n\t\t\t<div\n\t\t\tclass=\"sow-tabs-tab\n\t\t\t sow-tabs-tab-selected\t\t\t\"\n\t\t\trole=\"tab\"\n\t\t\tdata-anchor-id=\"self-questioning\"\n\t\t\taria-selected=\"true\"\n\t\t\ttabindex=\"0\"\n\t\t>\n\t\t\t<div class=\"sow-tabs-title sow-tabs-title-icon-left\">\n\t\t\t\t\t\t\t\tSelf-questioning\t\t\t\t\t\t\t<\/div>\n\t\t<\/div>\n\t\t\t<div\n\t\t\tclass=\"sow-tabs-tab\n\t\t\t\t\t\t\"\n\t\t\trole=\"tab\"\n\t\t\tdata-anchor-id=\"critical-thinking\"\n\t\t\taria-selected=\"false\"\n\t\t\ttabindex=\"0\"\n\t\t>\n\t\t\t<div class=\"sow-tabs-title sow-tabs-title-icon-left\">\n\t\t\t\t\t\t\t\tCritical thinking\t\t\t\t\t\t\t<\/div>\n\t\t<\/div>\n\t\t<\/div>\n\n\t<div class=\"sow-tabs-panel-container\">\n\t\t\t<div class=\"sow-tabs-panel\">\n\t\t\t<div\n\t\t\t\tclass=\"sow-tabs-panel-content\"\n\t\t\t\trole=\"tabpanel\"\n\t\t\t\taria-hidden=\"false\"\n\t\t\t>\n\t\t\t\t<div id=\"pl-w737e3fb9\"  class=\"panel-layout\" ><div id=\"pg-w737e3fb9-0\"  class=\"panel-grid panel-has-style\" ><div class=\"boxed panel-row-style panel-row-style-for-w737e3fb9-0\" ><div id=\"pgc-w737e3fb9-0-0\"  class=\"panel-grid-cell\" ><div id=\"panel-w737e3fb9-0-0-0\" class=\"so-panel widget widget_sow-editor panel-first-child\" data-index=\"0\" ><div\n\t\t\t\n\t\t\tclass=\"so-widget-sow-editor so-widget-sow-editor-base\"\n\t\t\t\n\t\t><h3 class=\"widget-title\">Self-questioning<\/h3>\n<div class=\"siteorigin-widget-tinymce textwidget\">\n\t<p>Self-questioning is about taking stock of your knowledge after reading a text in your course, i.e. whether the questions you formulated at the outset enabled you to find complete answers in the text you read. At this stage, self-questioning also allows you to check, after reading a text, whether it has allowed you to meet the goal you had set at the beginning, i.e. whether you have achieved your reading intention.<\/p>\n<\/div>\n<\/div><\/div><div id=\"panel-w737e3fb9-0-0-1\" class=\"so-panel widget widget_sow-editor\" data-index=\"1\" ><div\n\t\t\t\n\t\t\tclass=\"so-widget-sow-editor so-widget-sow-editor-base\"\n\t\t\t\n\t\t><h3 class=\"widget-title\">Advantages<\/h3>\n<div class=\"siteorigin-widget-tinymce textwidget\">\n\t<p>Ensures that you get the most out of your reading for learning, preparing for exams or writing assignments.<\/p>\n<\/div>\n<\/div><\/div><div id=\"panel-w737e3fb9-0-0-2\" class=\"so-panel widget widget_element-titre\" data-index=\"2\" ><div\n\t\t\t\n\t\t\tclass=\"so-widget-element-titre so-widget-element-titre-base\"\n\t\t\t\n\t\t><div class=\"gauche\"><h3>To get started<\/h3><\/div><\/div><\/div><div id=\"panel-w737e3fb9-0-0-3\" class=\"so-panel widget widget_bloc_questions\" data-index=\"3\" ><div\n\t\t\t\n\t\t\tclass=\"so-widget-bloc_questions so-widget-bloc_questions-base\"\n\t\t\t\n\t\t><div class=\"bloc_questions\"><div class=\"bloc_questions_container\"><h3>Questions to ask yourself :<\/h3><div class=\"bloc_questions_texte\"><ul>\n<li class=\"li1\">What was my initial intention? What do I need to learn from this text?<\/li>\n<li class=\"li1\">Was I able to achieve it with the reading I did?<\/li>\n<li class=\"li1\">What are the key concepts found in the text?<\/li>\n<li class=\"li1\">Did the reading help me answer the questions I had before or during the reading?<\/li>\n<li class=\"li2\">What do I remember from the text? What have I learned that is new?<\/li>\n<li class=\"li2\">Which aspects of the text are less clear to me and are important to understand for the preparation of assignments and exams?<\/li>\n<\/ul>\n<\/div><\/div><\/div><\/div><\/div><div id=\"panel-w737e3fb9-0-0-4\" class=\"so-panel widget widget_bloc_conseil panel-last-child\" data-index=\"4\" ><div\n\t\t\t\n\t\t\tclass=\"so-widget-bloc_conseil so-widget-bloc_conseil-base\"\n\t\t\t\n\t\t><div class=\"bloc_conseil\"><div class=\"bloc_conseil_container\"><div class=\"bloc_conseil_titre\"><h4>Exercise<\/h4><\/div><div class=\"bloc_conseil_texte\"><p>Barbeau et al.(1997).<\/p>\n<p>Within 24 hours after reading, take a few minutes to write questions in the margin that are answered by the information you have read or summarised.<\/p>\n<p>Systematically ask yourself if the reading intention you set before reading the text has been achieved.<\/p>\n<p>Read again the learning objectives at the beginning of the chapters in your textbook and ask yourself if you are able to describe, explain, define the contents and concepts that are being discussed. If you are not, then the objective you were supposed to achieve in the chapter is not. Repeat the reading in relation to the learning that has not been achieved.<\/p>\n<\/div><\/div><\/div><\/div><\/div><\/div><\/div><\/div><\/div>\t\t\t<\/div>\n\t\t<\/div>\n\t\t\t<div class=\"sow-tabs-panel\">\n\t\t\t<div\n\t\t\t\tclass=\"sow-tabs-panel-content\"\n\t\t\t\trole=\"tabpanel\"\n\t\t\t\taria-hidden=\"true\"\n\t\t\t>\n\t\t\t\t<div id=\"pl-we522c269\"  class=\"panel-layout\" ><div id=\"pg-we522c269-0\"  class=\"panel-grid panel-has-style\" ><div class=\"boxed panel-row-style panel-row-style-for-we522c269-0\" ><div id=\"pgc-we522c269-0-0\"  class=\"panel-grid-cell\" ><div id=\"panel-we522c269-0-0-0\" class=\"so-panel widget widget_sow-editor panel-first-child\" data-index=\"0\" ><div\n\t\t\t\n\t\t\tclass=\"so-widget-sow-editor so-widget-sow-editor-base\"\n\t\t\t\n\t\t><h3 class=\"widget-title\">Exercising critical thinking skills<\/h3>\n<div class=\"siteorigin-widget-tinymce textwidget\">\n\t<p>Les \u00e9tudes universitaires vous am\u00e8nent \u00e0 lire plusieurs types de textes\u00a0: articles de recherche, rapports, analyses, etc.\u00a0 Vos enseignants s\u2019attendront de vous non seulement \u00e0 ce que vous soyez en mesure de comprendre et de vous rappeler du contenu, ils s\u2019attendront \u00e9galement \u00e0 ce que vous deveniez un lecteur critique qui \u00e9value et qui interpr\u00e8te avec discernement. \u00a0Plus pr\u00e9cis\u00e9ment, les enseignants s\u2019attendront \u00e0 ce que vous soyez en mesure (McWhorter, 1994)\u00a0:<\/p>\n<ul>\n<li class=\"li1\">learn about an author's qualifications in his field of expertise;<\/li>\n<li class=\"li1\">distinguish fact from opinion;<\/li>\n<li class=\"li1\">understand an author's intention;<\/li>\n<li class=\"li1\">to examine an author statements, argumentation and the way in which he articulates his thoughts to support his statements;<\/li>\n<li class=\"li1\">see if the author is influenced by any bias;<\/li>\n<li class=\"li1\">find out where the information comes from.<\/li>\n<\/ul>\n<p>In order to meet these requirements, it is necessary to practice a type of active reading, to keep notes and to be able to evaluate and compare several texts with each other.<\/p>\n<p>This ability to critically judge the credibility and relevance of arguments that support an author's point of view is necessary, given the mass of information to which you are exposed. One of the purposes of your education is to be able to criticise knowledge before using it. Therefore, it requires you to be able to spot the flaws in a hypothesis, a theory, an expert's opinion in his argument, judging the relevance of these, as an example. <\/p>\n<\/div>\n<\/div><\/div><div id=\"panel-we522c269-0-0-1\" class=\"so-panel widget widget_sow-editor\" data-index=\"1\" ><div\n\t\t\t\n\t\t\tclass=\"so-widget-sow-editor so-widget-sow-editor-base\"\n\t\t\t\n\t\t><h3 class=\"widget-title\">Advantages<\/h3>\n<div class=\"siteorigin-widget-tinymce textwidget\">\n\t<p>Avoids misinterpretation and misunderstanding (Ruph, 2010).<\/p>\n<\/div>\n<\/div><\/div><div id=\"panel-we522c269-0-0-2\" class=\"so-panel widget widget_element-titre\" data-index=\"2\" ><div\n\t\t\t\n\t\t\tclass=\"so-widget-element-titre so-widget-element-titre-base\"\n\t\t\t\n\t\t><div class=\"gauche\"><h3>To get started<\/h3><\/div><\/div><\/div><div id=\"panel-we522c269-0-0-3\" class=\"so-panel widget widget_bloc_questions\" data-index=\"3\" ><div\n\t\t\t\n\t\t\tclass=\"so-widget-bloc_questions so-widget-bloc_questions-base\"\n\t\t\t\n\t\t><div class=\"bloc_questions\"><div class=\"bloc_questions_container\"><h3>Questions to ask yourself :<\/h3><div class=\"bloc_questions_texte\"><ul>\n<li class=\"li1\">Is it easy to find out the author's qualifications in his field of expertise?<\/li>\n<li class=\"li1\">Do the experts really know their subject?<\/li>\n<li class=\"li1\">Have the author(s) written other texts? Are they active in their field? Are they cited in other texts?<\/li>\n<li class=\"li1\">Compared to other experts, is the viewpoint presented correct and complete?<\/li>\n<li class=\"li1\">What are the differences with other experts in field X?<\/li>\n<li class=\"li1\">Are you able to demonstrate that an expert is wrong?<\/li>\n<li class=\"li1\">What are the author's biases?<\/li>\n<li class=\"li1\">What are the facts? What are the opinions, value judgements?<\/li>\n<li class=\"li1\">Are the hypotheses supported by observations, analyses, other authors?<\/li>\n<li class=\"li1\">To what extent can you prove that the author is right?<\/li>\n<li class=\"li1\">What was the author's goal in writing the text?<\/li>\n<li class=\"li1\">Did he achieve this goal? Did he do it effectively?<\/li>\n<li class=\"li1\">Has the author ignored any important elements?<\/li>\n<li class=\"li1\">How does this reading contribute to the course content?<\/li>\n<li class=\"li1\">What are the merits and limitations of the text?<\/li>\n<\/ul>\n<\/div><\/div><\/div><\/div><\/div><div id=\"panel-we522c269-0-0-4\" class=\"so-panel widget widget_sow-editor\" data-index=\"4\" ><div\n\t\t\t\n\t\t\tclass=\"so-widget-sow-editor so-widget-sow-editor-base\"\n\t\t\t\n\t\t>\n<div class=\"siteorigin-widget-tinymce textwidget\">\n\t<p>To compare different authors, here are the elements of the text to which you should pay particular attention (McWorter, 1994):<\/p>\n<ul>\n<li class=\"li1\">The author's position (the author's point of view in relation to the content of his paper) or in relation to the ideas of others;<\/li>\n<li class=\"li1\">The arguments that support the position, the way they are articulated and the quality of the arguments;<\/li>\n<li class=\"li1\">The degree of the author's bias;<\/li>\n<li class=\"li1\">The author's authority or credibility in his field;<\/li>\n<li class=\"li1\">The common points between the authors;<\/li>\n<li class=\"li1\">The points of difference between the authors;<\/li>\n<li class=\"li1\">Style, etc.<\/li>\n<\/ul>\n<\/div>\n<\/div><\/div><div id=\"panel-we522c269-0-0-5\" class=\"so-panel widget widget_bloc_conseil panel-last-child\" data-index=\"5\" ><div\n\t\t\t\n\t\t\tclass=\"so-widget-bloc_conseil so-widget-bloc_conseil-base\"\n\t\t\t\n\t\t><div class=\"bloc_conseil\"><div class=\"bloc_conseil_container\"><div class=\"bloc_conseil_titre\"><h4>Exercise :<\/h4><\/div><div class=\"bloc_conseil_texte\"><p>If you are comparing two authors, you can do so in a table format (see \"comparison\" process).<\/p>\n<\/div><\/div><\/div><\/div><\/div><\/div><\/div><\/div><\/div>\t\t\t<\/div>\n\t\t<\/div>\n\t\t<\/div>\n<\/div>\n<\/div><\/div><\/div><\/div><\/div><\/div><\/div>","protected":false},"excerpt":{"rendered":"<p>Self-questioning Critical thinking Self-questioning Self-questioning is about taking stock of your knowledge after reading a text in your course, i.e. whether the questions you formulated at the outset enabled you to find complete answers in the text you read. At this stage, self-questioning also allows you to check, after reading a text, whether it has [&hellip;]<\/p>\n","protected":false},"author":2,"featured_media":1011,"parent":1781,"menu_order":28,"comment_status":"closed","ping_status":"closed","template":"","meta":{"_acf_changed":false,"inline_featured_image":false,"footnotes":""},"class_list":["post-1783","page","type-page","status-publish","has-post-thumbnail","hentry"],"acf":[],"_links":{"self":[{"href":"https:\/\/guidelecture.uqat.ca\/en\/wp-json\/wp\/v2\/pages\/1783","targetHints":{"allow":["GET"]}}],"collection":[{"href":"https:\/\/guidelecture.uqat.ca\/en\/wp-json\/wp\/v2\/pages"}],"about":[{"href":"https:\/\/guidelecture.uqat.ca\/en\/wp-json\/wp\/v2\/types\/page"}],"author":[{"embeddable":true,"href":"https:\/\/guidelecture.uqat.ca\/en\/wp-json\/wp\/v2\/users\/2"}],"replies":[{"embeddable":true,"href":"https:\/\/guidelecture.uqat.ca\/en\/wp-json\/wp\/v2\/comments?post=1783"}],"version-history":[{"count":8,"href":"https:\/\/guidelecture.uqat.ca\/en\/wp-json\/wp\/v2\/pages\/1783\/revisions"}],"predecessor-version":[{"id":1793,"href":"https:\/\/guidelecture.uqat.ca\/en\/wp-json\/wp\/v2\/pages\/1783\/revisions\/1793"}],"up":[{"embeddable":true,"href":"https:\/\/guidelecture.uqat.ca\/en\/wp-json\/wp\/v2\/pages\/1781"}],"wp:featuredmedia":[{"embeddable":true,"href":"https:\/\/guidelecture.uqat.ca\/en\/wp-json\/wp\/v2\/media\/1011"}],"wp:attachment":[{"href":"https:\/\/guidelecture.uqat.ca\/en\/wp-json\/wp\/v2\/media?parent=1783"}],"curies":[{"name":"wp","href":"https:\/\/api.w.org\/{rel}","templated":true}]}}