{"id":1800,"date":"2019-10-23T15:18:38","date_gmt":"2019-10-23T19:18:38","guid":{"rendered":"https:\/\/guidelecture.uqat.ca\/bibliographie\/"},"modified":"2022-05-04T16:01:21","modified_gmt":"2022-05-04T20:01:21","slug":"bibliography","status":"publish","type":"page","link":"https:\/\/guidelecture.uqat.ca\/en\/bibliography\/","title":{"rendered":"Bibliography"},"content":{"rendered":"<div id=\"pl-1800\"  class=\"panel-layout\" ><div id=\"pg-1800-0\"  class=\"panel-grid panel-has-style\" ><div class=\"siteorigin-panels-stretch boxed panel-row-style panel-row-style-for-1800-0\" ><div id=\"pgc-1800-0-0\"  class=\"panel-grid-cell\" ><div id=\"panel-1800-0-0-0\" class=\"so-panel widget widget_bloc_source panel-first-child panel-last-child\" data-index=\"0\" ><div\n\t\t\t\n\t\t\tclass=\"so-widget-bloc_source so-widget-bloc_source-base\"\n\t\t\t\n\t\t><div class=\"bloc_source\"><div class=\"bloc_source_container\"><p class=\"source_titre\"><strong>Sources :<\/strong><\/p><div class=\"bloc_questions_texte\"><p class=\"p1\">Bandura, A. (2019).\u00a0<i>Auto-efficacit\u00e9: comment le sentiment d'efficacit\u00e9 personnelle influence notre qualit\u00e9 de vie<\/i>. Boeck sup\u00e9rieur.<span class=\"Apple-converted-space\">\u00a0<\/span><\/p>\n<p class=\"p1\">Barbeau, D., Montini, A., &amp; Roy, C. (1997). <i>Tracer les chemins de la connaissance<\/i>. Association qu\u00e9b\u00e9coise de p\u00e9dagogie coll\u00e9giale.<\/p>\n<p class=\"p2\">B\u00e9gin, C. (1995). <i>Devenir efficace dans ses \u00e9tudes.<\/i> Gu\u00e9rin \u00e9diteur.<span class=\"Apple-converted-space\">\u00a0<\/span><\/p>\n<p class=\"p2\">Bertrand, D. et Azrour, H. (2004). <i>R\u00e9apprendre \u00e0 apprendre au coll\u00e8ge, \u00e0 l\u2019universit\u00e9 et en milieu de travail<\/i>. Gu\u00e9rin \u00e9diteur.<span class=\"Apple-converted-space\">\u00a0<\/span><\/p>\n<p class=\"p2\">Bizouard, C. (2010). <i>Cultiver sa m\u00e9moire de 0 \u00e0 99 ans (sixi\u00e8me \u00e9dition).<\/i> Presses de l\u2019Universit\u00e9 Laval.<span class=\"s1\"><i>.<\/i><\/span><\/p>\n<p class=\"p2\">Bragdon, A. D. et Gamon, D. (2006). <i>Du sport pour la m\u00e9moire\u00a0: \u00e0 tout \u00e2ge, entra\u00eenez-l\u00e0<\/i>. Dunod.<span class=\"Apple-converted-space\">\u00a0<\/span><\/p>\n<p class=\"p3\">Buzan, T. (2006). <i>Speed Reading. Accelerate your Speed and Understanding for Success<\/i>. BBC Active.<\/p>\n<p class=\"p4\">Cr\u00e9peau, N. (2009). <i>Dispositif didactique pour enseigner les strat\u00e9gies de lecture universitaire.<\/i> UQAT (document non publi\u00e9).<span class=\"Apple-converted-space\">\u00a0<\/span><\/p>\n<p class=\"p4\">Delsarte, N. (2006). <i>Ma\u00eetriser sa m\u00e9moire. <\/i>Studyrama.<span class=\"Apple-converted-space\">\u00a0<\/span><\/p>\n<p class=\"p4\">Dionne, B. (2008). <i>Pour r\u00e9ussir\u00a0: guide m\u00e9thodologique pour les \u00e9tudes et la recherche, 5<\/i><span class=\"s2\"><i><sup>e<\/sup><\/i><\/span><i> \u00e9dition. <\/i>Cheneli\u00e8re \u00e9ducation.<\/p>\n<p class=\"p4\">Elder, J. (2008). <i>Exercise your college reading skills: developing more powerful comprehension (Second Edition)<\/i>. McGraw-Hill Higher Education.<\/p>\n<p class=\"p4\">Ellis, D. (2011). <i>Becoming a Master Student (13<\/i><span class=\"s2\"><i><sup>th<\/sup><\/i><\/span><i> Edition).<\/i> Cengage Learning.<\/p>\n<p class=\"p4\">Feldman, R.S. and Chick, S. (2005). <i>P.O.W.E.R. Learning: Strategies for Success in Higher Education and Life (2<\/i><span class=\"s2\"><i><sup>nd<\/sup><\/i><\/span><i> Canadian Edition).<\/i> McGraw-Hill Ryerson.<\/p>\n<p class=\"p4\">Feldman, R.S. (2011). <i>P.O.W.E.R. Learning: Strategies for Success in College and Life (Fifth <\/i> <i>edition).<\/i> McGraw-Hill.<\/p>\n<p class=\"p4\">Fitzpatrick, C. et Ruscica, M. (1995). <i>Reading Pathways.<\/i> Heath and Company.<span class=\"Apple-converted-space\">\u00a0<\/span><\/p>\n<p class=\"p4\">Garner, R. (1987). <i>Metacognition and Reading Comprehension<\/i>. Ablex Publishing Corporation.<span class=\"Apple-converted-space\">\u00a0<\/span><\/p>\n<p class=\"p4\">Giasson, J. (1990). <i>La compr\u00e9hension en lecture.<\/i> Ga\u00ebtan Morin.<span class=\"Apple-converted-space\">\u00a0<\/span><\/p>\n<p class=\"p1\">Giasson, J. (2005). <i>La lecture de la th\u00e9orie \u00e0 la pratique. <\/i>Ga\u00ebtan Morin \u00c9diteur.<span class=\"Apple-converted-space\">\u00a0<\/span><\/p>\n<p class=\"p1\">Goulet, L. et L\u00e9pine, G. (1988). <i>Cahier de M\u00e9thodologie.<\/i> UQAT.<span class=\"Apple-converted-space\">\u00a0<\/span><\/p>\n<p class=\"p1\">Herrmann, D., Raybeck, D., &amp; Gruneberg, M. (2002).\u00a0<i>Improving memory and study skills: Advances in Theory and Practice<\/i>. Hogrefe Publishing.<\/p>\n<p class=\"p1\">Hot, A. (2013). L\u2019enseignement des langues de scolarisation et la r\u00e9ussite \u00e0 l\u2019\u00e9cole.\u00a0<i>La formation des enseignants inuit et des Premi\u00e8res Nations<\/i>, 61-77. Presses de l\u2019Universit\u00e9 du Qu\u00e9bec.<\/p>\n<p class=\"p2\">Lamy, D. (2008). Introduction de la carte conceptuelle comme outil d\u2019enseignement [Pr\u00e9sentation PowerPoint]. <a href=\"https:\/\/docplayer.fr\/11052539-Introduction-de-la-carte-conceptuelle-comme-outil-d-enseignement.html\" target=\"_blank\" rel=\"noopener\"><span class=\"s4\">https:\/\/docplayer.fr\/11052539-Introduction-de-la-carte-conceptuelle-comme-outil-d-enseignement.html<\/span><\/a><span class=\"Apple-converted-space\">\u00a0<\/span><\/p>\n<p class=\"p1\">Legendre, R. (2005). <i>Dictionnaire actuel de l\u2019\u00e9ducation<\/i> (vol 1554). Gu\u00e9rin \u00e9diteur.<\/p>\n<p class=\"p1\">Mc Whorter, K.T. (1994). <i>Academic Reading (Second Edition).<\/i> Harper Collins College Publishers.<\/p>\n<p class=\"p5\">Mindtools (n.d.). <i>Speed reading. How to Absorb Information Quickly and Effectively.<\/i><span class=\"Apple-converted-space\">\u00a0 <\/span><a href=\"https:\/\/www.mindtools.com\/speedrd.html\" target=\"_blank\" rel=\"noopener\"><span class=\"s4\">https:\/\/www.mindtools.com\/speedrd.html<\/span><\/a><span class=\"Apple-converted-space\">\u00a0<\/span><\/p>\n<p class=\"p7\">Moreillon, J. (2007).<i> <\/i>Collaborative strategies for teaching reading comprehension: maximizing your impact. American Library Association.<\/p>\n<p class=\"p1\">Morfaux, L.-M. et Pr\u00e9vost, R. (2009). R\u00e9sum\u00e9 et synth\u00e8se de textes\u00a0: m\u00e9thode et exercices corrig\u00e9s (6<span class=\"s2\"><sup>e<\/sup><\/span> \u00e9dition). Armand Colin.<\/p>\n<p class=\"p2\">Mottet, M. (2008). Les cartes conceptuelles [Pr\u00e9sentation PowerPoint]. <span class=\"s3\"><br \/>\n<a href=\"http:\/\/slideplayer.fr\/slide\/1172947\/\" target=\"_blank\" rel=\"noopener\"><span class=\"s5\">http:\/\/slideplayer.fr\/slide\/1172947\/<\/span><\/a><\/span><span class=\"Apple-converted-space\">\u00a0<\/span><\/p>\n<p class=\"p1\">Nist, S. L. et Holschuh, J. L. (2000). Comprehension strategies at the college level.\u00a0<i>Handbook of College Reading and Study Strategy Research<\/i>. 75-104.<\/p>\n<p class=\"p1\">Office qu\u00e9b\u00e9cois de la langue fran\u00e7aise. (2001). Comparer. Dans <i>Le grand dictionnaire terminologique<\/i>. <a href=\"http:\/\/grandictionnaire.com\/ficheOqlf.aspx?Id_Fiche=501388\" target=\"_blank\" rel=\"noopener\"><span class=\"s6\"><i>http:\/\/grandictionnaire.com\/ficheOqlf.aspx?Id_Fiche=501388<\/i><\/span><\/a><\/p>\n<p class=\"p1\">Poissant, H. (1994). <i>L'alphab\u00e9tisation: m\u00e9tacognition et interventions. <\/i>Les \u00c9ditions Logiques.<\/p>\n<p class=\"p1\">Rozzelle, J. et Scearce, C. (2013). <i>Mieux lire pour r\u00e9ussir\u00a0: 60 strat\u00e9gies de lecture pour favoriser le succ\u00e8s des adolescents dans tous les domaines.<\/i> Cheneli\u00e8re \u00c9ducation.<\/p>\n<p class=\"p1\">Ruph, F. (2010). <i>Actualizing my Intellectual Potential<\/i>. <i>Strategies for University Learning, A Reflection Guide<\/i>: Direction des relations avec la client\u00e8le. <a href=\"https:\/\/web2.uqat.ca\/guidestrategies\/en\/index.php\" target=\"_blank\" rel=\"noopener\"><span class=\"s4\">https:\/\/web2.uqat.ca\/guidestrategies\/en\/index.php<\/span><\/a> <span class=\"Apple-converted-space\">\u00a0<\/span><\/p>\n<p class=\"p1\">Ruph, F. (1997). <i>Le sentiment de comp\u00e9tence et l\u2019apprentissage chez l\u2019adulte.<\/i> [PDF]. <a href=\"http:\/\/bv.cdeacf.ca\/documents\/PDF\/horscollection\/15229.pdf\" target=\"_blank\" rel=\"noopener\"><span class=\"s8\"><i>http:\/\/bv.cdeacf.ca\/documents\/PDF\/horscollection\/15229.pdf<\/i><\/span><\/a><span class=\"s9\"><i><span class=\"Apple-converted-space\">\u00a0<\/span><\/i><\/span><\/p>\n<p class=\"p1\">Ruscica, F. (1995). <i>Reading Pathways. <\/i>Heath and Company<\/p>\n<p class=\"p1\">Sanchez, J. et Maldonado, A. (2001). <i>Comment apprendre plus en \u00e9tudiant moins. <\/i>\u00c9ditions de Vecchi.<span class=\"Apple-converted-space\">\u00a0<\/span><\/p>\n<p class=\"p1\">Schmitt, M. C. (2005). Chapter 6. Measuring students\u2019 awareness and control of strategic processes. Dans Israel, S. E., Block, C. C., Bauserman, K. L., &amp; Kinnucan-Welsch, K. (Dir.):\u00a0<i>Metacognition in literacy learning: Theory, assessment, instruction, and professional development<\/i> (p.101-120). Lawrence Erlbaum Associates.<\/p>\n<p class=\"p1\">Simpson, M. L., &amp; Nist, S. L. (1990). Textbook annotation: An effective and efficient study strategy for college students<i>.<\/i>\u00a0<i>Journal of Reading<\/i>,\u00a0<i>34 <\/i>(2), 122-129.<\/p>\n<p class=\"p1\">Trabasso, T. et Bouchard, E. (2003). Teaching Readers how to Comprehend Text Strategically. Dans C. C. Colin et Pressley (Dir). <i>Compr\u00e9hension Instruction: Research Based Best Practices.<\/i> Guilford Press.<span class=\"Apple-converted-space\">\u00a0<\/span><\/p>\n<p class=\"p2\">Tremblay, R. (1994). <i>Savoir-faire\u00a0: pr\u00e9cis m\u00e9thodologique pratique pour le coll\u00e8ge et l\u2019universit\u00e9<\/i>. McGraw-Hill \u00c9diteurs.<\/p>\n<p class=\"p2\">Tremblay, R.R. et Perrier, Y. (2000). <i>Savoir Plus\u00a0: Outils et m\u00e9thodes de travail intellectuel.<\/i> Cheneli\u00e8re \/ McGraw-Hill.<\/p>\n<p class=\"p2\">Zwiers, J. (2010).<i> Building Reading Comprehension Habits in Grades 6-12: A Toolkit of Classroom Activities, 2<\/i><span class=\"s2\"><i><sup>nd<\/sup><\/i><\/span><i> edition. <\/i>International Reading Association.<\/p>\n<p class=\"p2\">Zwiers, J. (2008). <i>Lire pour apprendre\u00a0: construire des automatismes de compr\u00e9hension en lecture.<\/i> Cheneli\u00e8re \u00c9ducation.<span class=\"Apple-converted-space\">\u00a0<\/span><\/p>\n<\/div><\/div><\/div><\/div><\/div><\/div><\/div><\/div><\/div>","protected":false},"excerpt":{"rendered":"<p>Sources :Bandura, A. (2019).\u00a0Auto-efficacit\u00e9: comment le sentiment d&#8217;efficacit\u00e9 personnelle influence notre qualit\u00e9 de vie. Boeck sup\u00e9rieur.\u00a0 Barbeau, D., Montini, A., &amp; Roy, C. (1997). Tracer les chemins de la connaissance. Association qu\u00e9b\u00e9coise de p\u00e9dagogie coll\u00e9giale. B\u00e9gin, C. (1995). Devenir efficace dans ses \u00e9tudes. Gu\u00e9rin \u00e9diteur.\u00a0 Bertrand, D. et Azrour, H. (2004). R\u00e9apprendre \u00e0 apprendre au [&hellip;]<\/p>\n","protected":false},"author":1,"featured_media":0,"parent":0,"menu_order":32,"comment_status":"closed","ping_status":"open","template":"","meta":{"_acf_changed":false,"inline_featured_image":false,"footnotes":""},"class_list":["post-1800","page","type-page","status-publish","hentry"],"acf":[],"_links":{"self":[{"href":"https:\/\/guidelecture.uqat.ca\/en\/wp-json\/wp\/v2\/pages\/1800","targetHints":{"allow":["GET"]}}],"collection":[{"href":"https:\/\/guidelecture.uqat.ca\/en\/wp-json\/wp\/v2\/pages"}],"about":[{"href":"https:\/\/guidelecture.uqat.ca\/en\/wp-json\/wp\/v2\/types\/page"}],"author":[{"embeddable":true,"href":"https:\/\/guidelecture.uqat.ca\/en\/wp-json\/wp\/v2\/users\/1"}],"replies":[{"embeddable":true,"href":"https:\/\/guidelecture.uqat.ca\/en\/wp-json\/wp\/v2\/comments?post=1800"}],"version-history":[{"count":5,"href":"https:\/\/guidelecture.uqat.ca\/en\/wp-json\/wp\/v2\/pages\/1800\/revisions"}],"predecessor-version":[{"id":1808,"href":"https:\/\/guidelecture.uqat.ca\/en\/wp-json\/wp\/v2\/pages\/1800\/revisions\/1808"}],"wp:attachment":[{"href":"https:\/\/guidelecture.uqat.ca\/en\/wp-json\/wp\/v2\/media?parent=1800"}],"curies":[{"name":"wp","href":"https:\/\/api.w.org\/{rel}","templated":true}]}}